{"id":2,"date":"2023-07-19T00:10:16","date_gmt":"2023-07-18T22:10:16","guid":{"rendered":"http:\/\/britta-knoeller.de\/?page_id=2"},"modified":"2025-04-30T18:26:32","modified_gmt":"2025-04-30T16:26:32","slug":"beispiel-seite","status":"publish","type":"page","link":"https:\/\/britta-knoeller.de\/","title":{"rendered":"Aloe Vera f\u00fcr Tiere"},"content":{"rendered":"\n<p>Du wusstest das nat\u00fcrlich schon: \u201eWas dem Menschen gut tut, hilft auch unseren Vierbeinern.\u201c<br>Die hochwertigen Aloe-Vera-Produkte von Forever dienen dem Wohle des Menschen und auch seinen<br>Freunden und Gef\u00e4hrten aus dem Tierreich. Dein tierischer Freund wird unsere Produkte mit reiner Aloe<br>Vera lieben! \ud83e\udd0e<br>Hunde, Katzen und Pferde haben fast die gleichen organischen Grundfunktionen wie wir Menschen.<br>Tiere profitieren folglich auch von den Vorteilen der Aloe Vera.<\/p>\n\n\n\n<blockquote class=\"wp-block-quote is-layout-flow wp-block-quote-is-layout-flow\">\n<p>Hallo! Tags\u00fcber arbeite ich als Fahrradkurier, nachts bin ich ein aufstrebender Schauspieler und dies hier ist meine W\/ebsite. Ich lebe in Berlin, habe einen gro\u00dfen Hund namens Jack, mag Pi\u00f1a Coladas, jedoch weniger (ohne Schirm) im Regen stehen gelassen zu werden.<\/p>\n\n\n\n<figure class=\"wp-block-image size-large\"><img loading=\"lazy\" decoding=\"async\" width=\"1024\" height=\"1024\" src=\"https:\/\/britta-knoeller.de\/wp-content\/uploads\/2025\/04\/IMG_20230316_102154_335-1024x1024.jpg\" alt=\"\" class=\"wp-image-74\" srcset=\"https:\/\/britta-knoeller.de\/wp-content\/uploads\/2025\/04\/IMG_20230316_102154_335-1024x1024.jpg 1024w, https:\/\/britta-knoeller.de\/wp-content\/uploads\/2025\/04\/IMG_20230316_102154_335-300x300.jpg 300w, https:\/\/britta-knoeller.de\/wp-content\/uploads\/2025\/04\/IMG_20230316_102154_335-150x150.jpg 150w, https:\/\/britta-knoeller.de\/wp-content\/uploads\/2025\/04\/IMG_20230316_102154_335-768x768.jpg 768w, https:\/\/britta-knoeller.de\/wp-content\/uploads\/2025\/04\/IMG_20230316_102154_335-1536x1536.jpg 1536w, https:\/\/britta-knoeller.de\/wp-content\/uploads\/2025\/04\/IMG_20230316_102154_335-2048x2048.jpg 2048w\" sizes=\"auto, (max-width: 1024px) 100vw, 1024px\" \/><\/figure>\n\n\n\n<figure class=\"wp-block-gallery has-nested-images columns-default is-cropped wp-block-gallery-1 is-layout-flex wp-block-gallery-is-layout-flex\">\n<figure class=\"wp-block-image size-large\"><img loading=\"lazy\" decoding=\"async\" width=\"512\" height=\"512\" data-id=\"32\" src=\"https:\/\/britta-knoeller.de\/wp-content\/uploads\/2023\/11\/cropped-cropped-Fotor_15393624476852.jpg\" alt=\"\" class=\"wp-image-32\" srcset=\"https:\/\/britta-knoeller.de\/wp-content\/uploads\/2023\/11\/cropped-cropped-Fotor_15393624476852.jpg 512w, https:\/\/britta-knoeller.de\/wp-content\/uploads\/2023\/11\/cropped-cropped-Fotor_15393624476852-300x300.jpg 300w, https:\/\/britta-knoeller.de\/wp-content\/uploads\/2023\/11\/cropped-cropped-Fotor_15393624476852-150x150.jpg 150w\" sizes=\"auto, (max-width: 512px) 100vw, 512px\" \/><\/figure>\n\n\n\n<figure class=\"wp-block-image size-large\"><img loading=\"lazy\" decoding=\"async\" width=\"1024\" height=\"580\" data-id=\"42\" src=\"https:\/\/britta-knoeller.de\/wp-content\/uploads\/2023\/11\/Fotor_160521310810147-1024x580.jpg\" alt=\"\" class=\"wp-image-42\" srcset=\"https:\/\/britta-knoeller.de\/wp-content\/uploads\/2023\/11\/Fotor_160521310810147-1024x580.jpg 1024w, https:\/\/britta-knoeller.de\/wp-content\/uploads\/2023\/11\/Fotor_160521310810147-300x170.jpg 300w, https:\/\/britta-knoeller.de\/wp-content\/uploads\/2023\/11\/Fotor_160521310810147-768x435.jpg 768w, https:\/\/britta-knoeller.de\/wp-content\/uploads\/2023\/11\/Fotor_160521310810147.jpg 1080w\" sizes=\"auto, (max-width: 1024px) 100vw, 1024px\" \/><\/figure>\n\n\n\n<figure class=\"wp-block-image size-large\"><img loading=\"lazy\" decoding=\"async\" width=\"1024\" height=\"493\" data-id=\"27\" src=\"https:\/\/britta-knoeller.de\/wp-content\/uploads\/2023\/11\/cropped-20200730_0812232-scaled-1-1024x493.jpg\" alt=\"\" class=\"wp-image-27\" srcset=\"https:\/\/britta-knoeller.de\/wp-content\/uploads\/2023\/11\/cropped-20200730_0812232-scaled-1-1024x493.jpg 1024w, https:\/\/britta-knoeller.de\/wp-content\/uploads\/2023\/11\/cropped-20200730_0812232-scaled-1-300x144.jpg 300w, https:\/\/britta-knoeller.de\/wp-content\/uploads\/2023\/11\/cropped-20200730_0812232-scaled-1-768x370.jpg 768w, https:\/\/britta-knoeller.de\/wp-content\/uploads\/2023\/11\/cropped-20200730_0812232-scaled-1-600x290.jpg 600w, https:\/\/britta-knoeller.de\/wp-content\/uploads\/2023\/11\/cropped-20200730_0812232-scaled-1.jpg 1400w\" sizes=\"auto, (max-width: 1024px) 100vw, 1024px\" \/><\/figure>\n\n\n\n<figure class=\"wp-block-image size-large\"><img loading=\"lazy\" decoding=\"async\" width=\"1024\" height=\"351\" data-id=\"28\" src=\"https:\/\/britta-knoeller.de\/wp-content\/uploads\/2023\/11\/cropped-cropped-IRLAND_HeroImages_Republik_Irland-1024x351.jpg\" alt=\"\" class=\"wp-image-28\" srcset=\"https:\/\/britta-knoeller.de\/wp-content\/uploads\/2023\/11\/cropped-cropped-IRLAND_HeroImages_Republik_Irland-1024x351.jpg 1024w, https:\/\/britta-knoeller.de\/wp-content\/uploads\/2023\/11\/cropped-cropped-IRLAND_HeroImages_Republik_Irland-300x103.jpg 300w, https:\/\/britta-knoeller.de\/wp-content\/uploads\/2023\/11\/cropped-cropped-IRLAND_HeroImages_Republik_Irland-768x264.jpg 768w, https:\/\/britta-knoeller.de\/wp-content\/uploads\/2023\/11\/cropped-cropped-IRLAND_HeroImages_Republik_Irland-1536x527.jpg 1536w, https:\/\/britta-knoeller.de\/wp-content\/uploads\/2023\/11\/cropped-cropped-IRLAND_HeroImages_Republik_Irland.jpg 1600w\" sizes=\"auto, (max-width: 1024px) 100vw, 1024px\" \/><\/figure>\n\n\n\n<figure class=\"wp-block-image size-large\"><img loading=\"lazy\" decoding=\"async\" width=\"1024\" height=\"1024\" data-id=\"23\" src=\"https:\/\/britta-knoeller.de\/wp-content\/uploads\/2023\/11\/png_20220313_210118_0000-1024x1024.png\" alt=\"\" class=\"wp-image-23\" srcset=\"https:\/\/britta-knoeller.de\/wp-content\/uploads\/2023\/11\/png_20220313_210118_0000-1024x1024.png 1024w, https:\/\/britta-knoeller.de\/wp-content\/uploads\/2023\/11\/png_20220313_210118_0000-300x300.png 300w, https:\/\/britta-knoeller.de\/wp-content\/uploads\/2023\/11\/png_20220313_210118_0000-150x150.png 150w, https:\/\/britta-knoeller.de\/wp-content\/uploads\/2023\/11\/png_20220313_210118_0000-768x768.png 768w, https:\/\/britta-knoeller.de\/wp-content\/uploads\/2023\/11\/png_20220313_210118_0000.png 1080w\" sizes=\"auto, (max-width: 1024px) 100vw, 1024px\" \/><\/figure>\n\n\n\n<figure class=\"wp-block-image size-large\"><img loading=\"lazy\" decoding=\"async\" width=\"950\" height=\"544\" data-id=\"9\" src=\"https:\/\/britta-knoeller.de\/wp-content\/uploads\/2023\/11\/island-landschaft-traditionelle-haeuser.jpg\" alt=\"\" class=\"wp-image-9\" srcset=\"https:\/\/britta-knoeller.de\/wp-content\/uploads\/2023\/11\/island-landschaft-traditionelle-haeuser.jpg 950w, https:\/\/britta-knoeller.de\/wp-content\/uploads\/2023\/11\/island-landschaft-traditionelle-haeuser-300x172.jpg 300w, https:\/\/britta-knoeller.de\/wp-content\/uploads\/2023\/11\/island-landschaft-traditionelle-haeuser-768x440.jpg 768w\" sizes=\"auto, (max-width: 950px) 100vw, 950px\" \/><\/figure>\n<\/figure>\n\n\n\n<ul class=\"wp-block-list\">\n<li>Tiere profitieren folglich auch von den Vorteilen der Aloe Vera.<\/li>\n\n\n\n<li>Du wusstest das nat\u00fcrlich schon: \u201eWas dem Menschen gut tut, hilft auch unseren Vierbeinern.\u201c<\/li>\n\n\n\n<li>Die hochwertigen Aloe-Vera-Produkte von Forever dienen dem Wohle des Menschen und auch seinen<\/li>\n\n\n\n<li>Freunden und Gef\u00e4hrten aus dem Tierreich. Dein tierischer Freund wird unsere Produkte mit reiner Aloe<\/li>\n\n\n\n<li>Vera lieben! \ud83e\udd0e<\/li>\n\n\n\n<li>Hunde, Katzen und Pferde haben fast die gleichen organischen Grundfunktionen wie wir Menschen.<\/li>\n<\/ul>\n\n\n\n<p>\/&#8230;\u00a0oder so etwas wie:<\/p>\n<\/blockquote>\n\n\n\n<blockquote class=\"wp-block-quote is-layout-flow wp-block-quote-is-layout-flow\">\n<p>Hallo! Tags\u00fcber arbeite ich als Fahrradkurier, nachts bin ich ein aufstrebender Schauspieler und dies hier ist meine Website. Ich lebe in Berlin, habe einen gro\u00dfen Hund namens Jack, mag Pi\u00f1a Coladas, jedoch weniger (ohne Schirm) im Regen stehen gelassen zu werden.<\/p>\n\n\n\n<figure class=\"wp-block-image size-large\"><img loading=\"lazy\" decoding=\"async\" width=\"1024\" height=\"1024\" src=\"https:\/\/britta-knoeller.de\/wp-content\/uploads\/2025\/04\/IMG_20230316_102154_335-1024x1024.jpg\" alt=\"\" class=\"wp-image-74\" srcset=\"https:\/\/britta-knoeller.de\/wp-content\/uploads\/2025\/04\/IMG_20230316_102154_335-1024x1024.jpg 1024w, https:\/\/britta-knoeller.de\/wp-content\/uploads\/2025\/04\/IMG_20230316_102154_335-300x300.jpg 300w, https:\/\/britta-knoeller.de\/wp-content\/uploads\/2025\/04\/IMG_20230316_102154_335-150x150.jpg 150w, https:\/\/britta-knoeller.de\/wp-content\/uploads\/2025\/04\/IMG_20230316_102154_335-768x768.jpg 768w, https:\/\/britta-knoeller.de\/wp-content\/uploads\/2025\/04\/IMG_20230316_102154_335-1536x1536.jpg 1536w, https:\/\/britta-knoeller.de\/wp-content\/uploads\/2025\/04\/IMG_20230316_102154_335-2048x2048.jpg 2048w\" sizes=\"auto, (max-width: 1024px) 100vw, 1024px\" \/><\/figure>\n\n\n\n<figure class=\"wp-block-gallery has-nested-images columns-default is-cropped wp-block-gallery-2 is-layout-flex wp-block-gallery-is-layout-flex\">\n<figure class=\"wp-block-image size-large\"><img loading=\"lazy\" decoding=\"async\" width=\"512\" height=\"512\" data-id=\"32\" src=\"https:\/\/britta-knoeller.de\/wp-content\/uploads\/2023\/11\/cropped-cropped-Fotor_15393624476852.jpg\" alt=\"\" class=\"wp-image-32\" srcset=\"https:\/\/britta-knoeller.de\/wp-content\/uploads\/2023\/11\/cropped-cropped-Fotor_15393624476852.jpg 512w, https:\/\/britta-knoeller.de\/wp-content\/uploads\/2023\/11\/cropped-cropped-Fotor_15393624476852-300x300.jpg 300w, https:\/\/britta-knoeller.de\/wp-content\/uploads\/2023\/11\/cropped-cropped-Fotor_15393624476852-150x150.jpg 150w\" sizes=\"auto, (max-width: 512px) 100vw, 512px\" \/><\/figure>\n\n\n\n<figure class=\"wp-block-image size-large\"><img loading=\"lazy\" decoding=\"async\" width=\"1024\" height=\"580\" data-id=\"42\" src=\"https:\/\/britta-knoeller.de\/wp-content\/uploads\/2023\/11\/Fotor_160521310810147-1024x580.jpg\" alt=\"\" class=\"wp-image-42\" srcset=\"https:\/\/britta-knoeller.de\/wp-content\/uploads\/2023\/11\/Fotor_160521310810147-1024x580.jpg 1024w, https:\/\/britta-knoeller.de\/wp-content\/uploads\/2023\/11\/Fotor_160521310810147-300x170.jpg 300w, https:\/\/britta-knoeller.de\/wp-content\/uploads\/2023\/11\/Fotor_160521310810147-768x435.jpg 768w, https:\/\/britta-knoeller.de\/wp-content\/uploads\/2023\/11\/Fotor_160521310810147.jpg 1080w\" sizes=\"auto, (max-width: 1024px) 100vw, 1024px\" \/><\/figure>\n\n\n\n<figure class=\"wp-block-image size-large\"><img loading=\"lazy\" decoding=\"async\" width=\"1024\" height=\"493\" data-id=\"27\" src=\"https:\/\/britta-knoeller.de\/wp-content\/uploads\/2023\/11\/cropped-20200730_0812232-scaled-1-1024x493.jpg\" alt=\"\" class=\"wp-image-27\" srcset=\"https:\/\/britta-knoeller.de\/wp-content\/uploads\/2023\/11\/cropped-20200730_0812232-scaled-1-1024x493.jpg 1024w, https:\/\/britta-knoeller.de\/wp-content\/uploads\/2023\/11\/cropped-20200730_0812232-scaled-1-300x144.jpg 300w, https:\/\/britta-knoeller.de\/wp-content\/uploads\/2023\/11\/cropped-20200730_0812232-scaled-1-768x370.jpg 768w, https:\/\/britta-knoeller.de\/wp-content\/uploads\/2023\/11\/cropped-20200730_0812232-scaled-1-600x290.jpg 600w, https:\/\/britta-knoeller.de\/wp-content\/uploads\/2023\/11\/cropped-20200730_0812232-scaled-1.jpg 1400w\" sizes=\"auto, (max-width: 1024px) 100vw, 1024px\" \/><\/figure>\n\n\n\n<figure class=\"wp-block-image size-large\"><img loading=\"lazy\" decoding=\"async\" width=\"1024\" height=\"351\" data-id=\"28\" src=\"https:\/\/britta-knoeller.de\/wp-content\/uploads\/2023\/11\/cropped-cropped-IRLAND_HeroImages_Republik_Irland-1024x351.jpg\" alt=\"\" class=\"wp-image-28\" srcset=\"https:\/\/britta-knoeller.de\/wp-content\/uploads\/2023\/11\/cropped-cropped-IRLAND_HeroImages_Republik_Irland-1024x351.jpg 1024w, https:\/\/britta-knoeller.de\/wp-content\/uploads\/2023\/11\/cropped-cropped-IRLAND_HeroImages_Republik_Irland-300x103.jpg 300w, https:\/\/britta-knoeller.de\/wp-content\/uploads\/2023\/11\/cropped-cropped-IRLAND_HeroImages_Republik_Irland-768x264.jpg 768w, https:\/\/britta-knoeller.de\/wp-content\/uploads\/2023\/11\/cropped-cropped-IRLAND_HeroImages_Republik_Irland-1536x527.jpg 1536w, https:\/\/britta-knoeller.de\/wp-content\/uploads\/2023\/11\/cropped-cropped-IRLAND_HeroImages_Republik_Irland.jpg 1600w\" sizes=\"auto, (max-width: 1024px) 100vw, 1024px\" \/><\/figure>\n\n\n\n<figure class=\"wp-block-image size-large\"><img loading=\"lazy\" decoding=\"async\" width=\"1024\" height=\"1024\" data-id=\"23\" src=\"https:\/\/britta-knoeller.de\/wp-content\/uploads\/2023\/11\/png_20220313_210118_0000-1024x1024.png\" alt=\"\" class=\"wp-image-23\" srcset=\"https:\/\/britta-knoeller.de\/wp-content\/uploads\/2023\/11\/png_20220313_210118_0000-1024x1024.png 1024w, https:\/\/britta-knoeller.de\/wp-content\/uploads\/2023\/11\/png_20220313_210118_0000-300x300.png 300w, https:\/\/britta-knoeller.de\/wp-content\/uploads\/2023\/11\/png_20220313_210118_0000-150x150.png 150w, https:\/\/britta-knoeller.de\/wp-content\/uploads\/2023\/11\/png_20220313_210118_0000-768x768.png 768w, https:\/\/britta-knoeller.de\/wp-content\/uploads\/2023\/11\/png_20220313_210118_0000.png 1080w\" sizes=\"auto, (max-width: 1024px) 100vw, 1024px\" \/><\/figure>\n\n\n\n<figure class=\"wp-block-image size-large\"><img loading=\"lazy\" decoding=\"async\" width=\"950\" height=\"544\" data-id=\"9\" src=\"https:\/\/britta-knoeller.de\/wp-content\/uploads\/2023\/11\/island-landschaft-traditionelle-haeuser.jpg\" alt=\"\" class=\"wp-image-9\" srcset=\"https:\/\/britta-knoeller.de\/wp-content\/uploads\/2023\/11\/island-landschaft-traditionelle-haeuser.jpg 950w, https:\/\/britta-knoeller.de\/wp-content\/uploads\/2023\/11\/island-landschaft-traditionelle-haeuser-300x172.jpg 300w, https:\/\/britta-knoeller.de\/wp-content\/uploads\/2023\/11\/island-landschaft-traditionelle-haeuser-768x440.jpg 768w\" sizes=\"auto, (max-width: 950px) 100vw, 950px\" \/><\/figure>\n<\/figure>\n\n\n\n<p><\/p>\n<\/blockquote>\n\n\n\n<p>&#8230;&nbsp;oder so etwas wie:<\/p>\n\n\n\n<blockquote class=\"wp-block-quote is-layout-flow wp-block-quote-is-layout-flow\">\n<p>Das Unternehmen XYZ wurde 1971 gegr\u00fcndet und versorgt die \u00d6ffentlichkeit seither mit qualitativ hochwertigen Produkten. An seinem Standort in einer kleinen Gro\u00dfstadt besch\u00e4ftigt der Betrieb \u00fcber 2.000 Menschen und unterst\u00fctzt die Stadtbewohner in vielfacher Hinsicht.<\/p>\n<\/blockquote>\n\n\n\n<p>Als neuer WordPress-Benutzer solltest du <a href=\"http:\/\/britta-knoeller.de\/wp-admin\/\">dein Dashboard<\/a> aufrufen, um diese Seite zu l\u00f6schen und neue Seiten und Beitr\u00e4ge f\u00fcr deine Website erstellen. Viel Spa\u00df!<\/p>\n","protected":false},"excerpt":{"rendered":"<p>Du wusstest das nat\u00fcrlich schon: \u201eWas dem Menschen gut tut, hilft auch unseren Vierbeinern.\u201cDie hochwertigen Aloe-Vera-Produkte von Forever dienen dem Wohle des Menschen und auch seinenFreunden und Gef\u00e4hrten aus dem Tierreich. Dein tierischer Freund wird<\/p>\n","protected":false},"author":1,"featured_media":0,"parent":0,"menu_order":0,"comment_status":"closed","ping_status":"open","template":"","meta":{"footnotes":""},"class_list":["post-2","page","type-page","status-publish","hentry"],"_links":{"self":[{"href":"https:\/\/britta-knoeller.de\/index.php\/wp-json\/wp\/v2\/pages\/2","targetHints":{"allow":["GET"]}}],"collection":[{"href":"https:\/\/britta-knoeller.de\/index.php\/wp-json\/wp\/v2\/pages"}],"about":[{"href":"https:\/\/britta-knoeller.de\/index.php\/wp-json\/wp\/v2\/types\/page"}],"author":[{"embeddable":true,"href":"https:\/\/britta-knoeller.de\/index.php\/wp-json\/wp\/v2\/users\/1"}],"replies":[{"embeddable":true,"href":"https:\/\/britta-knoeller.de\/index.php\/wp-json\/wp\/v2\/comments?post=2"}],"version-history":[{"count":9,"href":"https:\/\/britta-knoeller.de\/index.php\/wp-json\/wp\/v2\/pages\/2\/revisions"}],"predecessor-version":[{"id":84,"href":"https:\/\/britta-knoeller.de\/index.php\/wp-json\/wp\/v2\/pages\/2\/revisions\/84"}],"wp:attachment":[{"href":"https:\/\/britta-knoeller.de\/index.php\/wp-json\/wp\/v2\/media?parent=2"}],"curies":[{"name":"wp","href":"https:\/\/api.w.org\/{rel}","templated":true}]}}